{"id":67864,"date":"2024-12-12T14:48:32","date_gmt":"2024-12-12T13:48:32","guid":{"rendered":"https:\/\/www.estournel.com\/?page_id=67864\/"},"modified":"2024-12-12T14:48:32","modified_gmt":"2024-12-12T13:48:32","slug":"politique-de-confidentialite-application-cos-destournel","status":"publish","type":"page","link":"https:\/\/www.estournel.com\/fr\/politique-de-confidentialite-application-cos-destournel\/","title":{"rendered":"POLITIQUE DE CONFIDENTIALIT\u00c9 \u2013 APPLICATION COS D\u2019ESTOURNEL"},"content":{"rendered":"<p>Soucieux du respect de votre vie priv\u00e9e et de la protection des donn\u00e9es \u00e0 caract\u00e8re personnel que vous nous fournissez, nous nous engageons \u00e0 respecter la l\u00e9gislation en vigueur en mati\u00e8re de protection de la vie priv\u00e9e et des donn\u00e9es personnelles, notamment s\u2019agissant du r\u00e8glement europ\u00e9en sur la protection des donn\u00e9es personnelles (RGPD) du 27 avril 2016.<\/p>\n<p>Nous avons mis en place la pr\u00e9sente politique de confidentialit\u00e9 afin d\u2019informer les utilisateurs de l\u2019application\u00a0\u00ab\u00a0COS D\u2019ESTOURNEL\u00a0\u00bb (ci-apr\u00e8s \u00ab\u00a0Application\u00a0\u00bb)\u00a0:<br \/>\n&#8211;\u00a0\u00a0\u00a0\u00a0\u00a0\u00a0 Sur la mani\u00e8re dont sont collect\u00e9es leurs donn\u00e9es personnelles. Sont consid\u00e9r\u00e9es comme des donn\u00e9es personnelles toute information permettant d\u2019identifier un utilisateur ;<br \/>\n&#8211;\u00a0\u00a0\u00a0\u00a0\u00a0\u00a0 Sur les droits dont ils disposent concernant ces donn\u00e9es ;<br \/>\n&#8211;\u00a0\u00a0\u00a0\u00a0\u00a0\u00a0 Sur la personne responsable du traitement des donn\u00e9es \u00e0 caract\u00e8re personnel collect\u00e9es et trait\u00e9es ;<br \/>\n&#8211;\u00a0\u00a0\u00a0\u00a0\u00a0\u00a0 Sur les destinataires de ces donn\u00e9es personnelles\u00a0;<br \/>\n&#8211;\u00a0\u00a0\u00a0\u00a0\u00a0\u00a0 Sur la politique de l\u2019Application en mati\u00e8re de cookies.<\/p>\n<p>Cette politique compl\u00e8te les mentions l\u00e9gales et les Conditions G\u00e9n\u00e9rales d\u2019Utilisation dans la rubrique \u00ab\u00a0Informations l\u00e9gale\u00a0\u00bb de l\u2019application.<\/p>\n<p>L\u2019Application ne s\u2019adresse pas aux mineurs. Seuls les utilisateurs d\u2019au moins 18 ans peuvent naviguer sur l\u2019Application et cr\u00e9er un compte utilisateur (ci-apr\u00e8s \u00ab\u00a0Compte Utilisateur\u00a0\u00bb).<\/p>\n<p>1.\u00a0\u00a0\u00a0\u00a0\u00a0\u00a0\u00a0\u00a0\u00a0\u00a0\u00a0\u00a0\u00a0 Qui sommes-nous\u00a0?<\/p>\n<p>Les donn\u00e9es personnelles vous concernant sont trait\u00e9es par la soci\u00e9t\u00e9 DOMAINES REYBIER, soci\u00e9t\u00e9 anonyme au capital de 121.000 euros, immatricul\u00e9e au Registre du Commerce et des Soci\u00e9t\u00e9s de Bordeaux sous le num\u00e9ro 331 321 109, et dont le si\u00e8ge social est situ\u00e9 au Ch\u00e2teau Cos d\u2019Estournel, 33180 SAINT-ESTEPHE.<\/p>\n<p>2.\u00a0\u00a0\u00a0\u00a0\u00a0\u00a0\u00a0\u00a0\u00a0\u00a0\u00a0\u00a0\u00a0 Quand collectons-nous des donn\u00e9es personnelles\u00a0?<\/p>\n<p>Lorsque vous vous vous rendez sur l\u2019Application et utilisez celle-ci, vous pouvez \u00eatre amen\u00e9 \u00e0 communiquer un certain nombre de donn\u00e9es personnelles vous concernant, c&rsquo;est-\u00e0-dire des informations permettant directement ou indirectement votre identification.<\/p>\n<p>Vous serez amen\u00e9 \u00e0 communiquer des donn\u00e9es personnelles pour :<br \/>\n&#8211;\u00a0\u00a0\u00a0\u00a0\u00a0\u00a0\u00a0 Cr\u00e9er votre Compte Utilisateur et vous connecter \u00e0 ce dernier,<br \/>\n&#8211;\u00a0\u00a0\u00a0\u00a0\u00a0\u00a0\u00a0 Correspondre avec nous via la messagerie de l\u2019Application, par email ou par tout autre moyen,<br \/>\n&#8211;\u00a0\u00a0\u00a0\u00a0\u00a0\u00a0\u00a0 Acc\u00e9der \u00e0 votre cave virtuelle et \u00e0 tout autre service propos\u00e9 sur l\u2019Application,<br \/>\n&#8211;\u00a0\u00a0\u00a0\u00a0\u00a0\u00a0\u00a0 Recevoir des newsletters,<br \/>\n&#8211;\u00a0\u00a0\u00a0\u00a0\u00a0\u00a0\u00a0 B\u00e9n\u00e9ficier de contacts privil\u00e9gi\u00e9s et d\u2019offres au sein d\u2019h\u00f4tels partenaires,<br \/>\n&#8211;\u00a0\u00a0\u00a0\u00a0\u00a0\u00a0\u00a0 Am\u00e9liorer et personnaliser votre exp\u00e9rience utilisateur sur l&rsquo;Application.<br \/>\n[LL1]\u00a0[AD2]<br \/>\nCertaines donn\u00e9es personnelles qui peuvent vous \u00eatre demand\u00e9es sont obligatoires. Le caract\u00e8re obligatoire des donn\u00e9es r\u00e9colt\u00e9es est signal\u00e9 par un ast\u00e9risque, les autres donn\u00e9es sont facultatives. L\u2019absence de fourniture des donn\u00e9es personnelles obligatoires entraine l\u2019impossibilit\u00e9 de cr\u00e9er un Compte Utilisateur et d\u2019acc\u00e9der \u00e0 l\u2019ensemble des fonctionnalit\u00e9s offertes par l\u2019Application.<\/p>\n<p>3.\u00a0\u00a0\u00a0\u00a0\u00a0\u00a0\u00a0\u00a0\u00a0\u00a0\u00a0\u00a0\u00a0 Quels types de donn\u00e9es collectons-nous\u00a0?<\/p>\n<p>Les donn\u00e9es personnelles collect\u00e9es par le biais de l\u2019Application sont les suivantes\u00a0:<\/p>\n<p>Donn\u00e9es de profil utilisateur<br \/>\no\u00a0\u00a0 Civilit\u00e9,<br \/>\no\u00a0\u00a0 Nom,<br \/>\no\u00a0\u00a0 Pr\u00e9nom,<br \/>\no\u00a0\u00a0 Adresse e-mail,<\/p>\n<p>Donn\u00e9es de connexion<br \/>\no\u00a0\u00a0 Adresse IP,<br \/>\no\u00a0\u00a0 Syst\u00e8me d\u2019exploitation,<br \/>\no\u00a0\u00a0 Information sur les appareils \u00e0 partir desquels l\u2019utilisateur se rend sur l\u2019Application.[LL3]\u00a0[AD4]<\/p>\n<p>4.\u00a0\u00a0\u00a0\u00a0\u00a0\u00a0\u00a0\u00a0\u00a0\u00a0\u00a0\u00a0\u00a0 Pour quelles finalit\u00e9s collectons-nous ces donn\u00e9es personnelles\u00a0? Combien de temps conservons nous vos donn\u00e9es\u00a0? [LL5]<\/p>\n<p>La collecte et le traitement de ces donn\u00e9es r\u00e9pond \u00e0 des finalit\u00e9s pr\u00e9cises, d\u00e9taill\u00e9es ci-dessous\u00a0:<\/p>\n<p>Finalit\u00e9s du traitement et d\u00e9tails associ\u00e9s<\/p>\n<ol>\n<li><span style=\"font-size: 16px;\">Cr\u00e9ation du compte utilisateur<br \/>\n<\/span><\/p>\n<ul>\n<li><span style=\"font-size: 16px;\">Base juridique : Contrat<\/span><\/li>\n<li><span style=\"font-size: 16px;\">Donn\u00e9es trait\u00e9es : Donn\u00e9es de profil utilisateur<\/span><\/li>\n<li><span style=\"font-size: 16px;\"><span style=\"font-size: 16px;\">Dur\u00e9e de conservation : Pendant la dur\u00e9e de l&rsquo;inscription<\/span><\/span><\/li>\n<\/ul>\n<\/li>\n<li><span style=\"font-size: 16px;\"><span style=\"font-size: 16px;\">Utilisation des services de l\u2019Application<\/span><\/span>\n<ul>\n<li><span style=\"font-size: 16px;\">Base juridique : Contrat<\/span><\/li>\n<li><span style=\"font-size: 16px;\">Donn\u00e9es trait\u00e9es : Donn\u00e9es de connexion<\/span><\/li>\n<li><span style=\"font-size: 16px;\">Dur\u00e9e de conservation : Pendant la dur\u00e9e de l&rsquo;inscription<br \/>\n<\/span><\/li>\n<\/ul>\n<\/li>\n<li><span style=\"font-size: 16px;\"><span style=\"font-size: 16px;\">Communiquer avec vous<\/span><\/span>\n<ul>\n<li><span style=\"font-size: 16px;\">Base juridique : Consentement<\/span><\/li>\n<li><span style=\"font-size: 16px;\">Donn\u00e9es trait\u00e9es : Donn\u00e9es de profil utilisateur<\/span><\/li>\n<li><span style=\"font-size: 16px;\"><span style=\"font-size: 16px;\">Dur\u00e9e de conservation : Pendant la dur\u00e9e de l&rsquo;inscription ou jusqu\u2019au retrait du consentement<\/span><\/span><\/li>\n<\/ul>\n<\/li>\n<li><span style=\"font-size: 16px;\"><span style=\"font-size: 16px;\">Envoi de newsletters<\/span><\/span>\n<ul>\n<li><span style=\"font-size: 16px;\">Base juridique : Consentement<\/span><\/li>\n<li><span style=\"font-size: 16px;\">Donn\u00e9es trait\u00e9es : Donn\u00e9es de profil utilisateur<\/span><\/li>\n<li><span style=\"font-size: 16px;\"><span style=\"font-size: 16px;\">Dur\u00e9e de conservation : Pendant la dur\u00e9e de l&rsquo;inscription<\/span><\/span><\/li>\n<\/ul>\n<\/li>\n<li><span style=\"font-size: 16px;\"><span style=\"font-size: 16px;\">Am\u00e9liorer les services offerts, d\u00e9velopper nos services, assurer le fonctionnement technique de l\u2019Application<\/span><\/span>\n<ul>\n<li><span style=\"font-size: 16px;\">Base juridique : Int\u00e9r\u00eats l\u00e9gitimes<\/span><\/li>\n<li><span style=\"font-size: 16px;\">Donn\u00e9es trait\u00e9es : Donn\u00e9es de profil utilisateur, Donn\u00e9es de connexion<\/span><\/li>\n<li><span style=\"font-size: 16px;\"><span style=\"font-size: 16px;\">Dur\u00e9e de conservation : Pendant la dur\u00e9e de l&rsquo;inscription<\/span><\/span><\/li>\n<\/ul>\n<\/li>\n<li><span style=\"font-size: 16px;\"><span style=\"font-size: 16px;\">Assurer la s\u00e9curit\u00e9 de l\u2019Application<\/span><\/span>\n<ul>\n<li><span style=\"font-size: 16px;\">Base juridique : Int\u00e9r\u00eats l\u00e9gitimes<\/span><\/li>\n<li><span style=\"font-size: 16px;\">Donn\u00e9es trait\u00e9es : Donn\u00e9es de profil utilisateur, Donn\u00e9es de connexion<\/span><\/li>\n<li><span style=\"font-size: 16px;\"><span style=\"font-size: 16px;\">Dur\u00e9e de conservation : 6 mois<\/span><\/span><\/li>\n<\/ul>\n<\/li>\n<li><span style=\"font-size: 16px;\"><span style=\"font-size: 16px;\">R\u00e9pondre aux demandes d\u2019assistance, r\u00e9clamations et questions adress\u00e9es par les utilisateurs via la messagerie de l\u2019Application<\/span><\/span>\n<ul>\n<li><span style=\"font-size: 16px;\">Base juridique : Int\u00e9r\u00eat l\u00e9gitime des DOMAINES REYBIER \u00e0 r\u00e9pondre aux demandes et r\u00e9clamations des utilisateurs<\/span><\/li>\n<li><span style=\"font-size: 16px;\">Donn\u00e9es trait\u00e9es : Donn\u00e9es de profil utilisateur, Contenu et nature de la demande<\/span><\/li>\n<li><span style=\"font-size: 16px;\"><span style=\"font-size: 16px;\">Dur\u00e9e de conservation : 5 ans \u00e0 compter du traitement de la demande<\/span><\/span><\/li>\n<\/ul>\n<\/li>\n<li><span style=\"font-size: 16px;\"><span style=\"font-size: 16px;\">Suivi et analyse des donn\u00e9es d\u2019utilisation \u00e0 des fins de mesure d\u2019audience et de recommandations personnalis\u00e9es<\/span><\/span>\n<ul>\n<li><span style=\"font-size: 16px;\">Base juridique : Consentement de l\u2019utilisateur au d\u00e9p\u00f4t de cookies<\/span><\/li>\n<li><span style=\"font-size: 16px;\">Donn\u00e9es trait\u00e9es : Donn\u00e9es de connexion<\/span><\/li>\n<li><span style=\"font-size: 16px;\"><span style=\"font-size: 16px;\">Dur\u00e9e de conservation : 25 mois \u00e0 compter de la date d\u2019acceptation des cookies par l\u2019utilisateur<\/span><\/span><\/li>\n<\/ul>\n<\/li>\n<li><span style=\"font-size: 16px;\"><span style=\"font-size: 16px;\">R\u00e9pondre aux demandes d\u2019exercice de droits formul\u00e9es par les utilisateurs<\/span><\/span>\n<ul>\n<li><span style=\"font-size: 16px;\">Base juridique : Obligations l\u00e9gales et r\u00e9glementaires<\/span><\/li>\n<li><span style=\"font-size: 16px;\">Donn\u00e9es trait\u00e9es : Donn\u00e9es de profil utilisateur<\/span><\/li>\n<li><span style=\"font-size: 16px;\">Dur\u00e9e de conservation : Pendant 5 ans \u00e0 compter de la date du traitement de la demande et pendant 6 ans pour les demandes d\u2019exercice du droit d\u2019opposition<\/span><\/li>\n<\/ul>\n<\/li>\n<\/ol>\n<p>A l\u2019issue des dur\u00e9es de conservation figurant ci-dessus, et lorsque les finalit\u00e9s pour lesquelles vos donn\u00e9es personnelles ont \u00e9t\u00e9 collect\u00e9es sont accomplies, DOMAINES REYBIER proc\u00e8de \u00e0 leur suppression ou \u00e0 leur anonymisation \u00e0 des fins statistiques. La dur\u00e9e de conservation de vos donn\u00e9es personnelles est susceptible d\u2019\u00eatre prolong\u00e9e dans l\u2019hypoth\u00e8se o\u00f9 ces derni\u00e8res seraient n\u00e9cessaires \u00e0 la constatation, la d\u00e9fense ou l\u2019exercice des droits en justice de DOMAINES REYBIER.<\/p>\n<p>5.\u00a0\u00a0\u00a0\u00a0\u00a0\u00a0\u00a0\u00a0\u00a0\u00a0\u00a0\u00a0\u00a0 A qui mes donn\u00e9es personnelles sont-elles adress\u00e9es\u00a0?<\/p>\n<p>Les informations collect\u00e9es par DOMAINES REYBIER ne sont pas vendues \u00e0 des tierces parties.<\/p>\n<p>Nous pouvons partager des donn\u00e9es personnelles recueillies avec d\u2019autres entit\u00e9s, \u00e0 savoir\u00a0:<br \/>\n&#8211;\u00a0\u00a0\u00a0\u00a0\u00a0\u00a0 Les membres habilit\u00e9s de DOMAINES REYBIER dans le cadre de la r\u00e9alisation des missions r\u00e9sultant des finalit\u00e9s identifi\u00e9es ci-dessus\u00a0;<br \/>\n&#8211;\u00a0\u00a0\u00a0\u00a0\u00a0\u00a0 Les fournisseurs de services et sous-traitants qui ex\u00e9cutent certaines fonctions support pour notre compte (prestations informatiques)\u00a0; la soci\u00e9t\u00e9 SERUM and Co, la soci\u00e9t\u00e9 Itransition ainsi que la soci\u00e9t\u00e9 2gezer.<br \/>\n&#8211;\u00a0\u00a0\u00a0\u00a0\u00a0\u00a0 Nos conseils, les auxiliaires de justice, les officiers minist\u00e9riels, les administrations, juridictions, autorit\u00e9s administratives lorsque cela est n\u00e9cessaire \u00e0 l\u2019\u00e9tablissement, l\u2019exercice et la d\u00e9fense d\u2019une action en justice.[LL9]\u00a0[AD10]<\/p>\n<p>Nous nous r\u00e9servons le droit de divulguer vos donn\u00e9es personnelles \u00e0 d\u2019autres parties dans les cas o\u00f9 la loi, une disposition r\u00e9glementaire en vigueur, une ordonnance judiciaire ou une r\u00e9glementation l\u2019impose ou l\u2019autorise, ou si cette divulgation est n\u00e9cessaire dans le cadre d\u2019une enqu\u00eate, ou d\u2019une proc\u00e9dure, sur le territoire national ou \u00e0 l\u2019\u00e9tranger.<br \/>\nDans le cadre de nos missions et des finalit\u00e9s d\u00e9crites ci-dessus, nous pourrons faire intervenir tout sous-traitant de notre choix et veillerons au respect par le sous-traitant de ses obligations en vertu de la r\u00e9glementation applicable notamment en mati\u00e8re de protection des donn\u00e9es personnelles. DOMAINES REYBIER s\u2019engage \u00e0 signer avec tous ses sous-traitants un contrat \u00e9crit imposant aux sous-traitants les m\u00eames obligations en mati\u00e8re de protection des donn\u00e9es que lui, notamment DOMAINES REYBIER s\u2019engage \u00e0 imposer contractuellement \u00e0 ses sous-traitants des garanties de s\u00e9curit\u00e9 par le biais de mesures techniques de protection de ces donn\u00e9es et les moyens humains appropri\u00e9s. De plus, DOMAINES REYBIER se r\u00e9serve le droit de proc\u00e9der \u00e0 un audit aupr\u00e8s de ces derniers afin de s\u2019assurer du respect de la r\u00e9glementation applicable.<br \/>\nDe m\u00eame, nous pouvons \u00eatre amen\u00e9s \u00e0 partager vos donn\u00e9es avec des tiers lorsque vous consentez \u00e0 un tel partage ou sollicitez un tel partage.<\/p>\n<p>6.\u00a0\u00a0\u00a0\u00a0\u00a0\u00a0\u00a0\u00a0\u00a0\u00a0\u00a0\u00a0\u00a0 Mes donn\u00e9es personnelles sont-elles transf\u00e9r\u00e9es en dehors de l\u2019Union Europ\u00e9enne\u00a0?<\/p>\n<p>Par principe, les donn\u00e9es personnelles collect\u00e9es n\u2019ont pas vocation \u00e0 \u00eatre transf\u00e9r\u00e9es en dehors de l\u2019Union Europ\u00e9enne. Ces donn\u00e9es personnelles sont h\u00e9berg\u00e9es sur un serveur situ\u00e9 dans l\u2019Union Europ\u00e9enne.<\/p>\n<p>Si toutefois des donn\u00e9es vous concernant \u00e9taient transmises pour les besoins des finalit\u00e9s mentionn\u00e9es plus haut \u00e0 des soci\u00e9t\u00e9s situ\u00e9es dans des pays hors Union europ\u00e9enne, DOMAINES REYBIER prendra, pr\u00e9alablement audit transfert, toutes les mesures et garanties n\u00e9cessaires pour s\u00e9curiser de tels transferts et s\u2019engage \u00e0 s&rsquo;assurer que ce transfert est couvert par, soit :<br \/>\n&#8211;\u00a0\u00a0\u00a0\u00a0\u00a0\u00a0 Une d\u00e9cision d&rsquo;ad\u00e9quation de la Commission europ\u00e9enne conform\u00e9ment \u00e0 l&rsquo;article 45 du r\u00e8glement europ\u00e9en sur la protection des donn\u00e9es,<br \/>\n&#8211;\u00a0\u00a0\u00a0\u00a0\u00a0\u00a0 Les clauses contractuelles types \u00e9mises par la Commission europ\u00e9enne ou une Autorit\u00e9 de Contr\u00f4le conform\u00e9ment \u00e0 l&rsquo;article 46 du r\u00e8glement europ\u00e9en sur la protection des donn\u00e9es,<br \/>\n&#8211;\u00a0\u00a0\u00a0\u00a0\u00a0\u00a0 Des r\u00e8gles d&rsquo;entreprise contraignantes approuv\u00e9es par une Autorit\u00e9 de Contr\u00f4le comp\u00e9tente en vertu de l&rsquo;article 47 du r\u00e8glement europ\u00e9en sur la protection des donn\u00e9es.<\/p>\n<p>Si un transfert de donn\u00e9es devait \u00eatre envisag\u00e9 vers des pays non reconnus par la Commission europ\u00e9enne comme ayant un niveau de protection ad\u00e9quat, DOMAINES REYBIER vous en informera.<\/p>\n<p>7.\u00a0\u00a0\u00a0\u00a0\u00a0\u00a0\u00a0\u00a0\u00a0\u00a0\u00a0\u00a0\u00a0 Comment mes donn\u00e9es personnelles sont-elles prot\u00e9g\u00e9es\u00a0?<\/p>\n<p>DOMAINES REYBIER tient \u00e0 assurer la s\u00e9curit\u00e9 des donn\u00e9es que vous transmettez. Afin d\u2019emp\u00eacher tout acc\u00e8s, usage, modification, destruction, perte, dommage ou divulgation non autoris\u00e9(e), des mesures techniques et organisationnelles appropri\u00e9es ont \u00e9t\u00e9 prises afin de prot\u00e9ger les donn\u00e9es recueillies. En particulier, la s\u00e9curit\u00e9 de vos donn\u00e9es est assur\u00e9e en limitant l\u2019acc\u00e8s \u00e0 vos donn\u00e9es aux seules personnes habilit\u00e9es (seuls les membres de DOMAINES REYBIER ou leurs collaborateurs ayant besoin d\u2019y acc\u00e9der aux fins indiqu\u00e9es ci-dessus y auront acc\u00e8s).[LL11]\u00a0[AD12]<\/p>\n<p>La transmission des informations par le biais d\u2019Internet n\u2019est pas compl\u00e8tement s\u00e9curis\u00e9e. Bien que DOMAINES REYBIER s\u2019engage \u00e0 faire tout son possible pour prot\u00e9ger vos donn\u00e9es \u00e0 caract\u00e8re personnel, DOMAINES REYBIER ne peut pas garantir totalement la s\u00e9curit\u00e9 des donn\u00e9es vous concernant que vous transmettez.<\/p>\n<p>En cas de violation de vos donn\u00e9es personnelles pr\u00e9sentant un risque pour les droits et libert\u00e9s des personnes concern\u00e9es, sachez que DOMAINES REYBIER a l\u2019obligation de la notifier \u00e0 l\u2019autorit\u00e9 de contr\u00f4le comp\u00e9tente et de vous informer, dans les meilleurs d\u00e9lais, de toute violation de donn\u00e9es personnelles susceptibles d\u2019engendrer un risque \u00e9lev\u00e9 pour vos droits et libert\u00e9s, pour vous permettre de prendre les mesures utiles.<\/p>\n<p>8.\u00a0\u00a0\u00a0\u00a0\u00a0\u00a0\u00a0\u00a0\u00a0\u00a0\u00a0\u00a0\u00a0 Et les cookies dans tout \u00e7a\u00a0?<\/p>\n<p>Lors de vos visites sur l\u2019Application, un \u00ab\u00a0cookie\u00a0\u00bb peut \u00eatre d\u00e9pos\u00e9 sur votre ordinateur, tablette ou smartphone. Les cookies enregistrent des informations relatives \u00e0 votre navigation sur l\u2019Application (pages consult\u00e9es, date et heure de la consultation, etc.) et nous permettent de conna\u00eetre vos pr\u00e9f\u00e9rences et de mieux r\u00e9pondre \u00e0 vos attentes et vos besoins.<\/p>\n<p>Vous disposez de la facult\u00e9 de prendre connaissance des finalit\u00e9s pour lesquelles des cookies sont employ\u00e9s, ainsi que de la possibilit\u00e9 d\u2019exprimer \u00e0 tout moment votre refus ou votre acceptation \u00e0 l\u2019utilisation d<span style=\"font-size: 16px;\">es cookies soumis \u00e0 l\u2019exigence de recueil pr\u00e9alable du consentement en consultant la banni\u00e8re pr\u00e9vue \u00e0 cet effet et\/ou la pr\u00e9sente politique de confidentialit\u00e9.<\/span><\/p>\n<ul>\n<li><span style=\"font-size: 16px;\">Cookies de Fonctionnement<\/span>\n<ul>\n<li><span style=\"font-size: 16px;\">Ces cookies sont essentiels pour vous permettre de naviguer sur l\u2019Application et d\u2019utiliser ses fonctionnalit\u00e9s en toute s\u00e9curit\u00e9.<\/span><\/li>\n<\/ul>\n<\/li>\n<li><span style=\"font-size: 16px;\">Cookies de Performance \/ Analytique<\/span>\n<ul>\n<li><span style=\"font-size: 16px;\">Ces cookies visent \u00e0 mesurer les statistiques et analyses li\u00e9es \u00e0 la fr\u00e9quentation, la navigation et l\u2019interaction avec l\u2019Application.<\/span><\/li>\n<\/ul>\n<\/li>\n<li><span style=\"font-size: 16px;\">Cookies de Marketing<\/span>\n<ul>\n<li><span style=\"font-size: 16px;\">Ces cookies ont pour objet de vous proposer des contenus, y compris publicitaires, pertinents et int\u00e9ressants.<\/span><\/li>\n<\/ul>\n<\/li>\n<\/ul>\n<p>Nous attirons votre attention sur le fait que le d\u00e9p\u00f4t d\u2019un cookie peut \u00eatre n\u00e9cessaire pour acc\u00e9der \u00e0 certaines fonctionnalit\u00e9s de l\u2019Application.<\/p>\n<p>Les cookies ont une dur\u00e9e de vie maximale de 12 mois. Les informations collect\u00e9es par l&rsquo;interm\u00e9diaire des cookies sont conserv\u00e9es pour une dur\u00e9e maximale de 25 mois[LL15]<\/p>\n<p>9.\u00a0\u00a0\u00a0\u00a0\u00a0\u00a0\u00a0\u00a0\u00a0\u00a0\u00a0\u00a0\u00a0 Quels sont mes droits\u00a0?<\/p>\n<p>Vous disposez du droit d\u2019acc\u00e9der \u00e0 vos donn\u00e9es personnelles, de les modifier, de les effacer, d\u2019\u00eatre oubli\u00e9 par DOMAINES REYBIER, de limiter le traitement de vos donn\u00e9es, de recevoir les donn\u00e9es personnelles vous concernant, fournies \u00e0 DOMAINES REYBIER, dans un format structur\u00e9, fr\u00e9quemment utilis\u00e9 et lisible par machine.<br \/>\nLorsque le traitement est fond\u00e9 sur votre consentement, vous disposez \u00e9galement du droit de le retirer.<\/p>\n<p>Vous disposez \u00e9galement du droit de vous opposer, pour des raisons tenant \u00e0 votre situation particuli\u00e8re, au traitement de vos donn\u00e9es et de demander la limitation du traitement vous concernant.<\/p>\n<p>Vous disposez \u00e9galement du droit d\u2019introduire une r\u00e9clamation aupr\u00e8s de la CNIL ou d\u2019une autorit\u00e9 de protection des donn\u00e9es d\u2019un Etat membre de l\u2019Union europ\u00e9enne et de d\u00e9finir des directives post mortem.<\/p>\n<p>Pour exercer vos droits, veuillez adresser votre courrier \u00e0 DOMAINES REYBIER, Ch\u00e2teau Cos d\u2019Estournel, 33180 SAINT-ESTEPHE, France, ou par courrier \u00e9lectronique \u00e0 marketing@estournel.com.<\/p>\n<p>Afin de permettre \u00e0 DOMAINES REYBIER de r\u00e9pondre rapidement, nous vous remercions d\u2019indiquer vos nom, pr\u00e9nom, et adresse email. Si vous exercer cette demande pour le compte de la personne concern\u00e9e, nous vous remercions de nous communiquer votre identit\u00e9, celle du mandant ainsi que l\u2019objet du mandat qui vous a \u00e9t\u00e9 confi\u00e9 par ce dernier. Une r\u00e9ponse vous sera alors adress\u00e9e, sauf cas particulier, dans un d\u00e9lai d\u2019un mois (1) suivant la r\u00e9ception de la demande.<\/p>\n<p>10.\u00a0\u00a0\u00a0\u00a0\u00a0\u00a0\u00a0\u00a0\u00a0\u00a0 \u00a0Conditions de modification de la politique de confidentialit\u00e9<\/p>\n<p>La soci\u00e9t\u00e9 DOMAINES REYBIER se r\u00e9serve le droit de pouvoir modifier la pr\u00e9sente Politique \u00e0 tout moment afin d\u2019assurer aux utilisateurs de l\u2019Application sa conformit\u00e9 avec le droit en vigueur.<\/p>\n<p>De telles modifications seront effectives \u00e0 partir de leur publication. Pour vous tenir inform\u00e9 des modifications apport\u00e9es, veuillez prendre r\u00e9guli\u00e8rement connaissance de la pr\u00e9sente page.<\/p>\n<p>La pr\u00e9sente politique, \u00e9dit\u00e9e le [26\/07\/2023][LL16]\u00a0, a \u00e9t\u00e9 mise \u00e0 jour le [03\/09\/2024].<\/p>\n<p>11.\u00a0\u00a0\u00a0\u00a0\u00a0\u00a0\u00a0\u00a0\u00a0\u00a0 Contacter DOMAINES REYBIER<\/p>\n<p>Pour toute remarque ou question relative \u00e0 ce document vous pouvez nous \u00e9crire \u00e0\u00a0:<br \/>\nmarketing@estournel.com<br \/>\nNum\u00e9ro de t\u00e9l\u00e9phone\u00a0: 05.56.73.15.50<br \/>\nEmail\u00a0: marketing@estournel.com<br \/>\nAdresse Postale\u00a0: Ch\u00e2teau Cos d\u2019Estournel, 33180 Saint-Est\u00e8phe, France.<\/p>\n<p>Pour toute autre information plus g\u00e9n\u00e9rale sur la protection des donn\u00e9es personnelles, vous pouvez consulter le site de la Cnil (www.cnil.fr).<\/p>\n","protected":false},"excerpt":{"rendered":"<p>Soucieux du respect de votre vie priv\u00e9e et de la protection des donn\u00e9es \u00e0 caract\u00e8re personnel que vous nous fournissez, nous nous engageons \u00e0 respecter la l\u00e9gislation en vigueur en mati\u00e8re de protection de la vie priv\u00e9e et des donn\u00e9es personnelles, notamment s\u2019agissant du r\u00e8glement europ\u00e9en sur la protection des donn\u00e9es personnelles (RGPD) du 27 [&hellip;]<\/p>\n","protected":false},"author":160,"featured_media":0,"parent":0,"menu_order":0,"comment_status":"closed","ping_status":"closed","template":"cms.php","meta":{"footnotes":""},"class_list":["post-67864","page","type-page","status-publish","hentry"],"acf":[],"aioseo_notices":[],"_links":{"self":[{"href":"https:\/\/www.estournel.com\/fr\/wp-json\/wp\/v2\/pages\/67864","targetHints":{"allow":["GET"]}}],"collection":[{"href":"https:\/\/www.estournel.com\/fr\/wp-json\/wp\/v2\/pages"}],"about":[{"href":"https:\/\/www.estournel.com\/fr\/wp-json\/wp\/v2\/types\/page"}],"author":[{"embeddable":true,"href":"https:\/\/www.estournel.com\/fr\/wp-json\/wp\/v2\/users\/160"}],"replies":[{"embeddable":true,"href":"https:\/\/www.estournel.com\/fr\/wp-json\/wp\/v2\/comments?post=67864"}],"version-history":[{"count":1,"href":"https:\/\/www.estournel.com\/fr\/wp-json\/wp\/v2\/pages\/67864\/revisions"}],"predecessor-version":[{"id":67865,"href":"https:\/\/www.estournel.com\/fr\/wp-json\/wp\/v2\/pages\/67864\/revisions\/67865"}],"wp:attachment":[{"href":"https:\/\/www.estournel.com\/fr\/wp-json\/wp\/v2\/media?parent=67864"}],"curies":[{"name":"wp","href":"https:\/\/api.w.org\/{rel}","templated":true}]}}