{"id":109,"date":"2016-05-13T17:33:36","date_gmt":"2016-05-13T16:33:36","guid":{"rendered":"http:\/\/www.estournel.com\/wp\/?page_id=109"},"modified":"2021-11-05T09:14:01","modified_gmt":"2021-11-05T08:14:01","slug":"cos-destournel-blanc","status":"publish","type":"page","link":"https:\/\/www.estournel.com\/fr\/cos-destournel-blanc\/","title":{"rendered":"Cos d\u2019Estournel Blanc"},"content":{"rendered":"<p>Le vin \u00e9volue en permanence et s\u2019appr\u00e9cie diff\u00e9remment au fil des ann\u00e9es. Les m\u00e9thodes d\u2019\u00e9laboration de Cos d\u2019Estournel Blanc lui conf\u00e8rent un style particulier, dont les expressions varient au long de sa vie.<br \/>\nAinsi, les trois premi\u00e8res ann\u00e9es d\u2019un mill\u00e9sime laissent appara\u00eetre la belle intensit\u00e9 de son c\u00f4t\u00e9 floral et fruit\u00e9.<br \/>\nApr\u00e8s quatre ou cinq ans, les vins d\u00e9veloppent une nouvelle dimension. Le vieillissement apporte une profondeur se r\u00e9v\u00e9lant par de la rondeur et des ar\u00f4mes plus grill\u00e9s. Epanoui, le vin d\u00e9voile alors toute sa pl\u00e9nitude.<\/p>\n","protected":false},"excerpt":{"rendered":"<p>Le vin \u00e9volue en permanence et s\u2019appr\u00e9cie diff\u00e9remment au fil des ann\u00e9es. Les m\u00e9thodes d\u2019\u00e9laboration de Cos d\u2019Estournel Blanc lui conf\u00e8rent un style particulier, dont les expressions varient au long de sa vie. Ainsi, les trois premi\u00e8res ann\u00e9es d\u2019un mill\u00e9sime laissent appara\u00eetre la belle intensit\u00e9 de son c\u00f4t\u00e9 floral et fruit\u00e9. Apr\u00e8s quatre ou cinq [&hellip;]<\/p>\n","protected":false},"author":1,"featured_media":0,"parent":0,"menu_order":0,"comment_status":"closed","ping_status":"closed","template":"","meta":{"footnotes":""},"class_list":["post-109","page","type-page","status-publish","hentry"],"acf":[],"aioseo_notices":[],"_links":{"self":[{"href":"https:\/\/www.estournel.com\/fr\/wp-json\/wp\/v2\/pages\/109","targetHints":{"allow":["GET"]}}],"collection":[{"href":"https:\/\/www.estournel.com\/fr\/wp-json\/wp\/v2\/pages"}],"about":[{"href":"https:\/\/www.estournel.com\/fr\/wp-json\/wp\/v2\/types\/page"}],"author":[{"embeddable":true,"href":"https:\/\/www.estournel.com\/fr\/wp-json\/wp\/v2\/users\/1"}],"replies":[{"embeddable":true,"href":"https:\/\/www.estournel.com\/fr\/wp-json\/wp\/v2\/comments?post=109"}],"version-history":[{"count":13,"href":"https:\/\/www.estournel.com\/fr\/wp-json\/wp\/v2\/pages\/109\/revisions"}],"predecessor-version":[{"id":12244,"href":"https:\/\/www.estournel.com\/fr\/wp-json\/wp\/v2\/pages\/109\/revisions\/12244"}],"wp:attachment":[{"href":"https:\/\/www.estournel.com\/fr\/wp-json\/wp\/v2\/media?parent=109"}],"curies":[{"name":"wp","href":"https:\/\/api.w.org\/{rel}","templated":true}]}}