{"id":107,"date":"2016-05-13T17:33:16","date_gmt":"2016-05-13T16:33:16","guid":{"rendered":"http:\/\/www.estournel.com\/wp\/?page_id=107"},"modified":"2024-01-19T10:34:13","modified_gmt":"2024-01-19T09:34:13","slug":"cos-destournel","status":"publish","type":"page","link":"https:\/\/www.estournel.com\/fr\/cos-destournel\/","title":{"rendered":"Cos d\u2019Estournel"},"content":{"rendered":"<p>Le vin est une mati\u00e8re vivante. Apr\u00e8s l\u2019\u00e9levage en barriques, il continue d\u2019\u00e9voluer en bouteilles, ann\u00e9e apr\u00e8s ann\u00e9e. Pour mieux appr\u00e9cier les ar\u00f4mes des vins de Cos d\u2019Estournel, nous sugg\u00e9rons quelques r\u00e8gles simples.<\/p>\n<p>Pour une conservation optimale des vins, il est pr\u00e9f\u00e9rable de les entreposer dans une pi\u00e8ce saine, en maintenant la temp\u00e9rature entre 12\u00b0 et 15\u00b0 et le degr\u00e9 d\u2019humidit\u00e9 autour de 80%.<\/p>\n<p>Selon les caract\u00e9ristiques de chaque mill\u00e9sime et au fil du temps, les vins de Cos d\u2019Estournel d\u00e9veloppent des ar\u00f4mes complexes et diff\u00e9rents. Leur d\u00e9gustation r\u00e9v\u00e8lera d\u2019autant plus leurs qualit\u00e9s en appliquant le service adapt\u00e9.<\/p>\n<p>Les vins les plus jeunes, post\u00e9rieurs \u00e0 2000, peuvent \u00eatre vers\u00e9s en carafe au moins 1h30 avant leur d\u00e9gustation. En effet, il peut \u00eatre n\u00e9cessaire de canaliser leur fougue, et l\u2019a\u00e9ration leur permettra d\u2019exprimer tout leur potentiel.<br \/>\nPour lib\u00e9rer d\u00e9licatement les ar\u00f4mes des mill\u00e9simes entre 1982 et 2000, nous conseillons de les a\u00e9rer en carafe pendant une heure environ avant de les servir.<br \/>\nLes vins ant\u00e9rieurs \u00e0 1982 seront eux plut\u00f4t servis en bouteille, un apport d\u2019air trop brutal risquant de nuire \u00e0 la d\u00e9licatesse de ces vieux mill\u00e9simes.<\/p>\n<p>Nous pr\u00e9conisons de servir votre vin \u00e0 une temp\u00e9rature situ\u00e9e entre 15 et 16\u00b0C, en se r\u00e9chauffant dans votre verre il lib\u00e9rera tous ses ar\u00f4mes et sa d\u00e9licatesse.<\/p>\n","protected":false},"excerpt":{"rendered":"<p>Le vin est une mati\u00e8re vivante. Apr\u00e8s l\u2019\u00e9levage en barriques, il continue d\u2019\u00e9voluer en bouteilles, ann\u00e9e apr\u00e8s ann\u00e9e. Pour mieux appr\u00e9cier les ar\u00f4mes des vins de Cos d\u2019Estournel, nous sugg\u00e9rons quelques r\u00e8gles simples. Pour une conservation optimale des vins, il est pr\u00e9f\u00e9rable de les entreposer dans une pi\u00e8ce saine, en maintenant la temp\u00e9rature entre 12\u00b0 [&hellip;]<\/p>\n","protected":false},"author":1,"featured_media":0,"parent":0,"menu_order":0,"comment_status":"closed","ping_status":"closed","template":"","meta":{"footnotes":""},"class_list":["post-107","page","type-page","status-publish","hentry"],"acf":[],"aioseo_notices":[],"_links":{"self":[{"href":"https:\/\/www.estournel.com\/fr\/wp-json\/wp\/v2\/pages\/107","targetHints":{"allow":["GET"]}}],"collection":[{"href":"https:\/\/www.estournel.com\/fr\/wp-json\/wp\/v2\/pages"}],"about":[{"href":"https:\/\/www.estournel.com\/fr\/wp-json\/wp\/v2\/types\/page"}],"author":[{"embeddable":true,"href":"https:\/\/www.estournel.com\/fr\/wp-json\/wp\/v2\/users\/1"}],"replies":[{"embeddable":true,"href":"https:\/\/www.estournel.com\/fr\/wp-json\/wp\/v2\/comments?post=107"}],"version-history":[{"count":10,"href":"https:\/\/www.estournel.com\/fr\/wp-json\/wp\/v2\/pages\/107\/revisions"}],"predecessor-version":[{"id":42096,"href":"https:\/\/www.estournel.com\/fr\/wp-json\/wp\/v2\/pages\/107\/revisions\/42096"}],"wp:attachment":[{"href":"https:\/\/www.estournel.com\/fr\/wp-json\/wp\/v2\/media?parent=107"}],"curies":[{"name":"wp","href":"https:\/\/api.w.org\/{rel}","templated":true}]}}